{"id":1219,"date":"2025-02-04T22:15:38","date_gmt":"2025-02-04T21:15:38","guid":{"rendered":"https:\/\/bppodcaststudio.hu\/?page_id=1219"},"modified":"2025-02-04T22:18:03","modified_gmt":"2025-02-04T21:18:03","slug":"studio-rules","status":"publish","type":"page","link":"https:\/\/bppodcaststudio.hu\/en\/studio-szabalyzat\/","title":{"rendered":"Studio policy"},"content":{"rendered":"<style>.elementor-1219 .elementor-element.elementor-element-81338b0{--display:flex;--flex-direction:column;--container-widget-width:100%;--container-widget-height:initial;--container-widget-flex-grow:0;--container-widget-align-self:initial;--flex-wrap-mobile:wrap;--padding-top:150px;--padding-bottom:51px;--padding-left:0px;--padding-right:0px;}.elementor-1219 .elementor-element.elementor-element-e90c3cd .elementor-heading-title{font-family:var( --e-global-typography-secondary-font-family ), Sans-serif;font-size:var( --e-global-typography-secondary-font-size );font-weight:var( --e-global-typography-secondary-font-weight );font-style:var( --e-global-typography-secondary-font-style );}.elementor-1219 .elementor-element.elementor-element-859326c{--display:flex;--flex-direction:column;--container-widget-width:100%;--container-widget-height:initial;--container-widget-flex-grow:0;--container-widget-align-self:initial;--flex-wrap-mobile:wrap;}:root{--page-title-display:none;}@media(max-width:1024px){.elementor-1219 .elementor-element.elementor-element-e90c3cd .elementor-heading-title{font-size:var( --e-global-typography-secondary-font-size );}}@media(max-width:767px){.elementor-1219 .elementor-element.elementor-element-e90c3cd .elementor-heading-title{font-size:var( --e-global-typography-secondary-font-size );}}<\/style>\t\t<div data-elementor-type=\"wp-page\" data-elementor-id=\"1219\" class=\"elementor elementor-1219\" data-elementor-post-type=\"page\">\n\t\t\t\t<div class=\"elementor-element elementor-element-81338b0 e-flex e-con-boxed e-con e-parent\" data-id=\"81338b0\" data-element_type=\"container\" data-e-type=\"container\">\n\t\t\t\t\t<div class=\"e-con-inner\">\n\t\t\t\t\t<\/div>\n\t\t\t\t<\/div>\n\t\t<div class=\"elementor-element elementor-element-859326c e-flex e-con-boxed e-con e-parent\" data-id=\"859326c\" data-element_type=\"container\" data-e-type=\"container\">\n\t\t\t\t\t<div class=\"e-con-inner\">\n\t\t\t\t<div class=\"elementor-element elementor-element-a600c93 elementor-widget elementor-widget-text-editor\" data-id=\"a600c93\" data-element_type=\"widget\" data-e-type=\"widget\" data-widget_type=\"text-editor.default\">\n\t\t\t\t\t\t\t\t\t<ol><li data-renderer-start-pos=\"3\">Changing shoes are mandatory! If the carpet needs cleaning after pick-up, a cleaning fee will be charged.<\/li><li data-renderer-start-pos=\"3\">During preparation, our colleagues will adjust the camera and microphone positions for you. We ask that you do not change these settings during the recording.<br \/><br \/><\/li><li data-renderer-start-pos=\"3\">A booking consists of 90 minutes, 30 minutes of preparation and 60 minutes of recording.<br \/><br \/><\/li><li data-renderer-start-pos=\"3\">In case of delay, this time will be reduced. In case you still want to pick up and there is no reservation after you, we can extend this with another reservation.<br \/><br \/><\/li><li data-renderer-start-pos=\"3\">Please call your guest at the booked time, not later, because we need them for the 30-minute setup time.<br \/><br \/><\/li><li data-renderer-start-pos=\"3\">We can only take responsibility for technical errors if you choose our \u201cstudio manager\u201d service. In this case, a studio manager is present and monitors the recording throughout the entire duration.<br \/><br \/><\/li><li data-renderer-start-pos=\"3\">We can only send the recorded files after payment. In case of raw recordings, we will fulfill your order within 3 working days after payment, and in the case of edited recordings within 7 working days. We can undertake faster delivery for an additional fee. Details in the booking system.<br \/><br \/><\/li><li data-renderer-start-pos=\"3\">It is currently not possible to bring pets into the studio.<\/li><\/ol>\t\t\t\t\t\t\t\t<\/div>\n\t\t\t\t\t<\/div>\n\t\t\t\t<\/div>\n\t\t\t\t<\/div>","protected":false},"excerpt":{"rendered":"<p>V\u00e1lt\u00f3cip\u0151 haszn\u00e1lata k\u00f6telez\u0151! Amennyibe a sz\u0151nyeg tiszt\u00edt\u00e1sra szorul felv\u00e9tel ut\u00e1n, takar\u00edt\u00e1si d\u00edjat sz\u00e1molunk fel. K\u00e9sz\u00fcl\u0151d\u00e9s alatt koll\u00e9g\u00e1ink be\u00e1ll\u00edtj\u00e1k nektek a kamera, valamint a mikrofon poz\u00edci\u00f3j\u00e1t. Arra k\u00e9r\u00fcnk titeket, ezeket a be\u00e1ll\u00edt\u00e1sokat ne v\u00e1ltoztass\u00e1tok meg a felv\u00e9tel alatt. Egy foglal\u00e1s 90 percb\u0151l \u00e1ll, 30 perc felk\u00e9sz\u00fcl\u00e9s \u00e9s 60 perc felv\u00e9tel. K\u00e9s\u00e9s eset\u00e9n ez az id\u0151 cs\u00f6kken. [&hellip;]<\/p>\n","protected":false},"author":1,"featured_media":0,"parent":0,"menu_order":0,"comment_status":"closed","ping_status":"closed","template":"","meta":{"footnotes":""},"class_list":["post-1219","page","type-page","status-publish","hentry"],"_links":{"self":[{"href":"https:\/\/bppodcaststudio.hu\/en\/wp-json\/wp\/v2\/pages\/1219","targetHints":{"allow":["GET"]}}],"collection":[{"href":"https:\/\/bppodcaststudio.hu\/en\/wp-json\/wp\/v2\/pages"}],"about":[{"href":"https:\/\/bppodcaststudio.hu\/en\/wp-json\/wp\/v2\/types\/page"}],"author":[{"embeddable":true,"href":"https:\/\/bppodcaststudio.hu\/en\/wp-json\/wp\/v2\/users\/1"}],"replies":[{"embeddable":true,"href":"https:\/\/bppodcaststudio.hu\/en\/wp-json\/wp\/v2\/comments?post=1219"}],"version-history":[{"count":0,"href":"https:\/\/bppodcaststudio.hu\/en\/wp-json\/wp\/v2\/pages\/1219\/revisions"}],"wp:attachment":[{"href":"https:\/\/bppodcaststudio.hu\/en\/wp-json\/wp\/v2\/media?parent=1219"}],"curies":[{"name":"wp","href":"https:\/\/api.w.org\/{rel}","templated":true}]}}