{"id":1229,"date":"2025-02-04T22:30:32","date_gmt":"2025-02-04T21:30:32","guid":{"rendered":"https:\/\/bppodcaststudio.hu\/?page_id=1229"},"modified":"2025-02-18T14:15:21","modified_gmt":"2025-02-18T13:15:21","slug":"billing-cancellation-and-modification","status":"publish","type":"page","link":"https:\/\/bppodcaststudio.hu\/en\/szamlazas-lemondas-es-modositas\/","title":{"rendered":"Sz\u00e1ml\u00e1z\u00e1s, lemond\u00e1s \u00e9s m\u00f3dos\u00edt\u00e1s"},"content":{"rendered":"<style>.elementor-1229 .elementor-element.elementor-element-b77aed3{--display:flex;--flex-direction:column;--container-widget-width:100%;--container-widget-height:initial;--container-widget-flex-grow:0;--container-widget-align-self:initial;--flex-wrap-mobile:wrap;--padding-top:150px;--padding-bottom:51px;--padding-left:0px;--padding-right:0px;}.elementor-1229 .elementor-element.elementor-element-586abdf .elementor-heading-title{font-family:var( --e-global-typography-secondary-font-family ), Sans-serif;font-size:var( --e-global-typography-secondary-font-size );font-weight:var( --e-global-typography-secondary-font-weight );font-style:var( --e-global-typography-secondary-font-style );}.elementor-1229 .elementor-element.elementor-element-1ce9d9c{--display:flex;--flex-direction:column;--container-widget-width:100%;--container-widget-height:initial;--container-widget-flex-grow:0;--container-widget-align-self:initial;--flex-wrap-mobile:wrap;}.elementor-1229 .elementor-element.elementor-element-664d1be .elementor-heading-title{font-family:\"Baskervville\", Sans-serif;font-size:20px;font-weight:400;font-style:italic;}.elementor-1229 .elementor-element.elementor-element-71eb308 .elementor-heading-title{font-family:\"Baskervville\", Sans-serif;font-size:20px;font-weight:400;font-style:italic;}:root{--page-title-display:none;}@media(max-width:1024px){.elementor-1229 .elementor-element.elementor-element-586abdf .elementor-heading-title{font-size:var( --e-global-typography-secondary-font-size );}.elementor-1229 .elementor-element.elementor-element-664d1be .elementor-heading-title{font-size:25px;}.elementor-1229 .elementor-element.elementor-element-71eb308 .elementor-heading-title{font-size:25px;}}@media(max-width:767px){.elementor-1229 .elementor-element.elementor-element-586abdf .elementor-heading-title{font-size:var( --e-global-typography-secondary-font-size );}.elementor-1229 .elementor-element.elementor-element-664d1be .elementor-heading-title{font-size:18px;}.elementor-1229 .elementor-element.elementor-element-71eb308 .elementor-heading-title{font-size:18px;}}<\/style>\t\t<div data-elementor-type=\"wp-page\" data-elementor-id=\"1229\" class=\"elementor elementor-1229\" data-elementor-post-type=\"page\">\n\t\t\t\t<div class=\"elementor-element elementor-element-b77aed3 e-flex e-con-boxed e-con e-parent\" data-id=\"b77aed3\" data-element_type=\"container\" data-e-type=\"container\">\n\t\t\t\t\t<div class=\"e-con-inner\">\n\t\t\t\t\t<\/div>\n\t\t\t\t<\/div>\n\t\t<div class=\"elementor-element elementor-element-1ce9d9c e-flex e-con-boxed e-con e-parent\" data-id=\"1ce9d9c\" data-element_type=\"container\" data-e-type=\"container\">\n\t\t\t\t\t<div class=\"e-con-inner\">\n\t\t\t\t<div class=\"elementor-element elementor-element-664d1be elementor-widget elementor-widget-heading\" data-id=\"664d1be\" data-element_type=\"widget\" data-e-type=\"widget\" data-widget_type=\"heading.default\">\n\t\t\t\t\t<h2 class=\"elementor-heading-title elementor-size-default\">Sz\u00e1ml\u00e1z\u00e1s:<\/h2>\t\t\t\t<\/div>\n\t\t\t\t<div class=\"elementor-element elementor-element-2a8ac56 elementor-widget elementor-widget-text-editor\" data-id=\"2a8ac56\" data-element_type=\"widget\" data-e-type=\"widget\" data-widget_type=\"text-editor.default\">\n\t\t\t\t\t\t\t\t\t<p>Our prices are net prices and an invoice will be issued after completion.<\/p>\t\t\t\t\t\t\t\t<\/div>\n\t\t\t\t<div class=\"elementor-element elementor-element-71eb308 elementor-widget elementor-widget-heading\" data-id=\"71eb308\" data-element_type=\"widget\" data-e-type=\"widget\" data-widget_type=\"heading.default\">\n\t\t\t\t\t<h2 class=\"elementor-heading-title elementor-size-default\">Lemond\u00e1s \u00e9s m\u00f3dos\u00edt\u00e1s:<\/h2>\t\t\t\t<\/div>\n\t\t\t\t<div class=\"elementor-element elementor-element-9f0b429 elementor-widget elementor-widget-text-editor\" data-id=\"9f0b429\" data-element_type=\"widget\" data-e-type=\"widget\" data-widget_type=\"text-editor.default\">\n\t\t\t\t\t\t\t\t\t<p>Free cancellation 2 days before booking.<\/p><p>In case of cancellation 24-48 hours before the reservation, 50% of the rental fee will be charged as a penalty.<\/p><p>In case of cancellation within 24 hours or no-show, the full rental fee will be charged. The penalty fee can be waived if you book the new appointment immediately. Rebooking is only possible once!<\/p><p>We will only accept cancellations in writing <a class=\"css-1rn59kg\" title=\"mailto:info@bppodcaststudio.hu\" href=\"mailto:info@bppodcaststudio.hu\" data-testid=\"link-with-safety\" data-renderer-mark=\"true\">info@bppodcaststudio.hu<\/a> e-mail<\/p>\t\t\t\t\t\t\t\t<\/div>\n\t\t\t\t\t<\/div>\n\t\t\t\t<\/div>\n\t\t\t\t<\/div>","protected":false},"excerpt":{"rendered":"<p>Sz\u00e1ml\u00e1z\u00e1s: Az \u00e1raink nett\u00f3 \u00e1rak a teljes\u00edt\u00e9s ut\u00e1n sz\u00e1mla ker\u00fcl ki\u00e1ll\u00edt\u00e1sra. Lemond\u00e1s \u00e9s m\u00f3dos\u00edt\u00e1s: D\u00edjmentes lemond\u00e1s a foglal\u00e1s el\u0151tt 2 nappal. 24-48 \u00f3r\u00e1val a foglal\u00e1s el\u0151tt t\u00f6rt\u00e9n\u0151 lemond\u00e1s eset\u00e9n a b\u00e9rleti d\u00edj 50%-\u00e1t felsz\u00e1m\u00edtjuk k\u00f6tb\u00e9rk\u00e9nt. 24 \u00f3r\u00e1n bel\u00fcli lemond\u00e1s vagy meg nem jelen\u00e9s eset\u00e9n a teljes b\u00e9rleti d\u00edjat felsz\u00e1m\u00edtjuk. A k\u00f6tb\u00e9r elengedhet\u0151, ha az \u00faj [&hellip;]<\/p>\n","protected":false},"author":1,"featured_media":0,"parent":0,"menu_order":0,"comment_status":"closed","ping_status":"closed","template":"","meta":{"footnotes":""},"class_list":["post-1229","page","type-page","status-publish","hentry"],"_links":{"self":[{"href":"https:\/\/bppodcaststudio.hu\/en\/wp-json\/wp\/v2\/pages\/1229","targetHints":{"allow":["GET"]}}],"collection":[{"href":"https:\/\/bppodcaststudio.hu\/en\/wp-json\/wp\/v2\/pages"}],"about":[{"href":"https:\/\/bppodcaststudio.hu\/en\/wp-json\/wp\/v2\/types\/page"}],"author":[{"embeddable":true,"href":"https:\/\/bppodcaststudio.hu\/en\/wp-json\/wp\/v2\/users\/1"}],"replies":[{"embeddable":true,"href":"https:\/\/bppodcaststudio.hu\/en\/wp-json\/wp\/v2\/comments?post=1229"}],"version-history":[{"count":0,"href":"https:\/\/bppodcaststudio.hu\/en\/wp-json\/wp\/v2\/pages\/1229\/revisions"}],"wp:attachment":[{"href":"https:\/\/bppodcaststudio.hu\/en\/wp-json\/wp\/v2\/media?parent=1229"}],"curies":[{"name":"wp","href":"https:\/\/api.w.org\/{rel}","templated":true}]}}