{"id":1219,"date":"2025-02-04T22:15:38","date_gmt":"2025-02-04T21:15:38","guid":{"rendered":"https:\/\/bppodcaststudio.hu\/?page_id=1219"},"modified":"2025-02-04T22:18:03","modified_gmt":"2025-02-04T21:18:03","slug":"%d0%bf%d1%80%d0%b0%d0%b2%d0%b8%d0%bb%d0%b0-%d1%81%d1%82%d1%83%d0%b4%d1%96%d1%97","status":"publish","type":"page","link":"https:\/\/bppodcaststudio.hu\/uk\/studio-szabalyzat\/","title":{"rendered":"\u041f\u043e\u043b\u0456\u0442\u0438\u043a\u0430 \u0441\u0442\u0443\u0434\u0456\u0457"},"content":{"rendered":"<style>.elementor-1219 .elementor-element.elementor-element-81338b0{--display:flex;--flex-direction:column;--container-widget-width:100%;--container-widget-height:initial;--container-widget-flex-grow:0;--container-widget-align-self:initial;--flex-wrap-mobile:wrap;--padding-top:150px;--padding-bottom:51px;--padding-left:0px;--padding-right:0px;}.elementor-1219 .elementor-element.elementor-element-e90c3cd .elementor-heading-title{font-family:var( --e-global-typography-secondary-font-family ), Sans-serif;font-size:var( --e-global-typography-secondary-font-size );font-weight:var( --e-global-typography-secondary-font-weight );font-style:var( --e-global-typography-secondary-font-style );}.elementor-1219 .elementor-element.elementor-element-859326c{--display:flex;--flex-direction:column;--container-widget-width:100%;--container-widget-height:initial;--container-widget-flex-grow:0;--container-widget-align-self:initial;--flex-wrap-mobile:wrap;}:root{--page-title-display:none;}@media(max-width:1024px){.elementor-1219 .elementor-element.elementor-element-e90c3cd .elementor-heading-title{font-size:var( --e-global-typography-secondary-font-size );}}@media(max-width:767px){.elementor-1219 .elementor-element.elementor-element-e90c3cd .elementor-heading-title{font-size:var( --e-global-typography-secondary-font-size );}}<\/style>\t\t<div data-elementor-type=\"wp-page\" data-elementor-id=\"1219\" class=\"elementor elementor-1219\" data-elementor-post-type=\"page\">\n\t\t\t\t<div class=\"elementor-element elementor-element-81338b0 e-flex e-con-boxed e-con e-parent\" data-id=\"81338b0\" data-element_type=\"container\" data-e-type=\"container\">\n\t\t\t\t\t<div class=\"e-con-inner\">\n\t\t\t\t\t<\/div>\n\t\t\t\t<\/div>\n\t\t<div class=\"elementor-element elementor-element-859326c e-flex e-con-boxed e-con e-parent\" data-id=\"859326c\" data-element_type=\"container\" data-e-type=\"container\">\n\t\t\t\t\t<div class=\"e-con-inner\">\n\t\t\t\t<div class=\"elementor-element elementor-element-a600c93 elementor-widget elementor-widget-text-editor\" data-id=\"a600c93\" data-element_type=\"widget\" data-e-type=\"widget\" data-widget_type=\"text-editor.default\">\n\t\t\t\t\t\t\t\t\t<ol><li data-renderer-start-pos=\"3\">\u0417\u043c\u0456\u043d\u043d\u0435 \u0432\u0437\u0443\u0442\u0442\u044f \u043e\u0431\u043e\u0432'\u044f\u0437\u043a\u043e\u0432\u0435! \u042f\u043a\u0449\u043e \u043f\u0456\u0441\u043b\u044f \u0432\u0438\u0432\u0435\u0437\u0435\u043d\u043d\u044f \u043a\u0438\u043b\u0438\u043c \u043f\u043e\u0442\u0440\u0435\u0431\u0443\u0454 \u0447\u0438\u0449\u0435\u043d\u043d\u044f, \u0441\u0442\u044f\u0433\u0443\u0454\u0442\u044c\u0441\u044f \u043f\u043b\u0430\u0442\u0430 \u0437\u0430 \u043f\u0440\u0438\u0431\u0438\u0440\u0430\u043d\u043d\u044f.<\/li><li data-renderer-start-pos=\"3\">\u041f\u0456\u0434 \u0447\u0430\u0441 \u043f\u0456\u0434\u0433\u043e\u0442\u043e\u0432\u043a\u0438 \u043d\u0430\u0448\u0456 \u043a\u043e\u043b\u0435\u0433\u0438 \u043f\u0456\u0434\u043b\u0430\u0448\u0442\u0443\u044e\u0442\u044c \u0434\u043b\u044f \u0432\u0430\u0441 \u043f\u043e\u043b\u043e\u0436\u0435\u043d\u043d\u044f \u043a\u0430\u043c\u0435\u0440\u0438 \u0442\u0430 \u043c\u0456\u043a\u0440\u043e\u0444\u043e\u043d\u0430. \u041c\u0438 \u043f\u0440\u043e\u0441\u0438\u043c\u043e \u0432\u0430\u0441 \u043d\u0435 \u0437\u043c\u0456\u043d\u044e\u0432\u0430\u0442\u0438 \u0446\u0456 \u043d\u0430\u043b\u0430\u0448\u0442\u0443\u0432\u0430\u043d\u043d\u044f \u043f\u0456\u0434 \u0447\u0430\u0441 \u0437\u0430\u043f\u0438\u0441\u0443.<br \/><br \/><\/li><li data-renderer-start-pos=\"3\">\u0411\u0440\u043e\u043d\u044e\u0432\u0430\u043d\u043d\u044f \u0441\u043a\u043b\u0430\u0434\u0430\u0454\u0442\u044c\u0441\u044f \u0437 90 \u0445\u0432\u0438\u043b\u0438\u043d, 30 \u0445\u0432\u0438\u043b\u0438\u043d \u043f\u0456\u0434\u0433\u043e\u0442\u043e\u0432\u043a\u0438 \u0442\u0430 60 \u0445\u0432\u0438\u043b\u0438\u043d \u0437\u0430\u043f\u0438\u0441\u0443.<br \/><br \/><\/li><li data-renderer-start-pos=\"3\">\u0423 \u0440\u0430\u0437\u0456 \u0437\u0430\u043f\u0456\u0437\u043d\u0435\u043d\u043d\u044f \u0446\u0435\u0439 \u0447\u0430\u0441 \u0431\u0443\u0434\u0435 \u0441\u043a\u043e\u0440\u043e\u0447\u0435\u043d\u043e. \u042f\u043a\u0449\u043e \u0432\u0438 \u0432\u0441\u0435 \u0449\u0435 \u0445\u043e\u0447\u0435\u0442\u0435 \u0437\u0430\u0431\u0440\u0430\u0442\u0438, \u0430\u043b\u0435 \u043f\u0456\u0441\u043b\u044f \u0432\u0430\u0441 \u043d\u0435\u043c\u0430\u0454 \u0431\u0440\u043e\u043d\u044e\u0432\u0430\u043d\u043d\u044f, \u043c\u0438 \u043c\u043e\u0436\u0435\u043c\u043e \u043f\u0440\u043e\u0434\u043e\u0432\u0436\u0438\u0442\u0438 \u0446\u0435 \u0431\u0440\u043e\u043d\u044e\u0432\u0430\u043d\u043d\u044f \u0449\u0435 \u043e\u0434\u043d\u0438\u043c.<br \/><br \/><\/li><li data-renderer-start-pos=\"3\">\u0411\u0443\u0434\u044c \u043b\u0430\u0441\u043a\u0430, \u0437\u0430\u0442\u0435\u043b\u0435\u0444\u043e\u043d\u0443\u0439\u0442\u0435 \u0441\u0432\u043e\u0454\u043c\u0443 \u0433\u043e\u0441\u0442\u044e \u0432 \u0437\u0430\u043c\u043e\u0432\u043b\u0435\u043d\u0438\u0439 \u0447\u0430\u0441, \u043d\u0435 \u043f\u0456\u0437\u043d\u0456\u0448\u0435, \u043e\u0441\u043a\u0456\u043b\u044c\u043a\u0438 \u0432\u043e\u043d\u0438 \u043d\u0430\u043c \u043f\u043e\u0442\u0440\u0456\u0431\u043d\u0456 \u043d\u0430 30-\u0445\u0432\u0438\u043b\u0438\u043d\u043d\u0438\u0439 \u0447\u0430\u0441 \u043d\u0430\u043b\u0430\u0448\u0442\u0443\u0432\u0430\u043d\u043d\u044f.<br \/><br \/><\/li><li data-renderer-start-pos=\"3\">\u041c\u0438 \u043d\u0435\u0441\u0435\u043c\u043e \u0432\u0456\u0434\u043f\u043e\u0432\u0456\u0434\u0430\u043b\u044c\u043d\u0456\u0441\u0442\u044c \u0437\u0430 \u0442\u0435\u0445\u043d\u0456\u0447\u043d\u0456 \u043f\u043e\u043c\u0438\u043b\u043a\u0438, \u043b\u0438\u0448\u0435 \u044f\u043a\u0449\u043e \u0432\u0438 \u043e\u0431\u0438\u0440\u0430\u0454\u0442\u0435 \u043d\u0430\u0448\u0443 \u043f\u043e\u0441\u043b\u0443\u0433\u0443 \u00ab\u043c\u0435\u043d\u0435\u0434\u0436\u0435\u0440 \u0441\u0442\u0443\u0434\u0456\u0457\u00bb. \u0423 \u0446\u044c\u043e\u043c\u0443 \u0432\u0438\u043f\u0430\u0434\u043a\u0443 \u043f\u0440\u0438\u0441\u0443\u0442\u043d\u0456\u0439 \u043c\u0435\u043d\u0435\u0434\u0436\u0435\u0440 \u0441\u0442\u0443\u0434\u0456\u0457, \u044f\u043a\u0438\u0439 \u0441\u0442\u0435\u0436\u0438\u0442\u044c \u0437\u0430 \u0437\u0430\u043f\u0438\u0441\u043e\u043c \u043f\u0440\u043e\u0442\u044f\u0433\u043e\u043c \u0443\u0441\u044c\u043e\u0433\u043e \u0447\u0430\u0441\u0443.<br \/><br \/><\/li><li data-renderer-start-pos=\"3\">\u041c\u0438 \u043c\u043e\u0436\u0435\u043c\u043e \u0432\u0456\u0434\u043f\u0440\u0430\u0432\u0438\u0442\u0438 \u0437\u0430\u043f\u0438\u0441\u0430\u043d\u0456 \u0444\u0430\u0439\u043b\u0438 \u0442\u0456\u043b\u044c\u043a\u0438 \u043f\u0456\u0441\u043b\u044f \u043e\u043f\u043b\u0430\u0442\u0438. \u0423 \u0440\u0430\u0437\u0456 \u043d\u0435\u043e\u0431\u0440\u043e\u0431\u043b\u0435\u043d\u0438\u0445 \u0437\u0430\u043f\u0438\u0441\u0456\u0432 \u043c\u0438 \u0432\u0438\u043a\u043e\u043d\u0430\u0454\u043c\u043e \u0432\u0430\u0448\u0435 \u0437\u0430\u043c\u043e\u0432\u043b\u0435\u043d\u043d\u044f \u043f\u0440\u043e\u0442\u044f\u0433\u043e\u043c 3 \u0440\u043e\u0431\u043e\u0447\u0438\u0445 \u0434\u043d\u0456\u0432 \u043f\u0456\u0441\u043b\u044f \u043e\u043f\u043b\u0430\u0442\u0438, \u0430 \u0443 \u0432\u0438\u043f\u0430\u0434\u043a\u0443 \u0432\u0456\u0434\u0440\u0435\u0434\u0430\u0433\u043e\u0432\u0430\u043d\u0438\u0445 \u0437\u0430\u043f\u0438\u0441\u0456\u0432 \u043f\u0440\u043e\u0442\u044f\u0433\u043e\u043c 7 \u0440\u043e\u0431\u043e\u0447\u0438\u0445 \u0434\u043d\u0456\u0432. \u041c\u0438 \u043c\u043e\u0436\u0435\u043c\u043e \u0437\u0430\u0431\u0435\u0437\u043f\u0435\u0447\u0438\u0442\u0438 \u0431\u0456\u043b\u044c\u0448 \u0448\u0432\u0438\u0434\u043a\u0443 \u0434\u043e\u0441\u0442\u0430\u0432\u043a\u0443 \u0437\u0430 \u0434\u043e\u0434\u0430\u0442\u043a\u043e\u0432\u0443 \u043f\u043b\u0430\u0442\u0443. \u0414\u0435\u0442\u0430\u043b\u0456 \u0432 \u0441\u0438\u0441\u0442\u0435\u043c\u0456 \u0431\u0440\u043e\u043d\u044e\u0432\u0430\u043d\u043d\u044f.<br \/><br \/><\/li><li data-renderer-start-pos=\"3\">\u0417\u0430\u0440\u0430\u0437 \u0432 \u0441\u0442\u0443\u0434\u0456\u044e \u043d\u0435 \u043c\u043e\u0436\u043d\u0430 \u043f\u0440\u0438\u0432\u043e\u0434\u0438\u0442\u0438 \u0434\u043e\u043c\u0430\u0448\u043d\u0456\u0445 \u0442\u0432\u0430\u0440\u0438\u043d.<\/li><\/ol>\t\t\t\t\t\t\t\t<\/div>\n\t\t\t\t\t<\/div>\n\t\t\t\t<\/div>\n\t\t\t\t<\/div>","protected":false},"excerpt":{"rendered":"<p>V\u00e1lt\u00f3cip\u0151 haszn\u00e1lata k\u00f6telez\u0151! Amennyibe a sz\u0151nyeg tiszt\u00edt\u00e1sra szorul felv\u00e9tel ut\u00e1n, takar\u00edt\u00e1si d\u00edjat sz\u00e1molunk fel. K\u00e9sz\u00fcl\u0151d\u00e9s alatt koll\u00e9g\u00e1ink be\u00e1ll\u00edtj\u00e1k nektek a kamera, valamint a mikrofon poz\u00edci\u00f3j\u00e1t. Arra k\u00e9r\u00fcnk titeket, ezeket a be\u00e1ll\u00edt\u00e1sokat ne v\u00e1ltoztass\u00e1tok meg a felv\u00e9tel alatt. Egy foglal\u00e1s 90 percb\u0151l \u00e1ll, 30 perc felk\u00e9sz\u00fcl\u00e9s \u00e9s 60 perc felv\u00e9tel. K\u00e9s\u00e9s eset\u00e9n ez az id\u0151 cs\u00f6kken. [&hellip;]<\/p>\n","protected":false},"author":1,"featured_media":0,"parent":0,"menu_order":0,"comment_status":"closed","ping_status":"closed","template":"","meta":{"footnotes":""},"class_list":["post-1219","page","type-page","status-publish","hentry"],"_links":{"self":[{"href":"https:\/\/bppodcaststudio.hu\/uk\/wp-json\/wp\/v2\/pages\/1219","targetHints":{"allow":["GET"]}}],"collection":[{"href":"https:\/\/bppodcaststudio.hu\/uk\/wp-json\/wp\/v2\/pages"}],"about":[{"href":"https:\/\/bppodcaststudio.hu\/uk\/wp-json\/wp\/v2\/types\/page"}],"author":[{"embeddable":true,"href":"https:\/\/bppodcaststudio.hu\/uk\/wp-json\/wp\/v2\/users\/1"}],"replies":[{"embeddable":true,"href":"https:\/\/bppodcaststudio.hu\/uk\/wp-json\/wp\/v2\/comments?post=1219"}],"version-history":[{"count":0,"href":"https:\/\/bppodcaststudio.hu\/uk\/wp-json\/wp\/v2\/pages\/1219\/revisions"}],"wp:attachment":[{"href":"https:\/\/bppodcaststudio.hu\/uk\/wp-json\/wp\/v2\/media?parent=1219"}],"curies":[{"name":"wp","href":"https:\/\/api.w.org\/{rel}","templated":true}]}}