{"id":1381,"date":"2025-03-03T13:52:46","date_gmt":"2025-03-03T12:52:46","guid":{"rendered":"https:\/\/bppodcaststudio.hu\/?page_id=1381"},"modified":"2025-12-04T16:05:31","modified_gmt":"2025-12-04T15:05:31","slug":"aszf","status":"publish","type":"page","link":"https:\/\/bppodcaststudio.hu\/uk\/aszf\/","title":{"rendered":"\u0423\u043c\u043e\u0432\u0438 \u0442\u0430 \u043f\u043e\u043b\u043e\u0436\u0435\u043d\u043d\u044f"},"content":{"rendered":"<style>.elementor-1381 .elementor-element.elementor-element-422c9f9{--display:flex;--flex-direction:column;--container-widget-width:100%;--container-widget-height:initial;--container-widget-flex-grow:0;--container-widget-align-self:initial;--flex-wrap-mobile:wrap;--padding-top:100px;--padding-bottom:100px;--padding-left:0px;--padding-right:0px;}.elementor-1381 .elementor-element.elementor-element-b38c2d1 .elementor-heading-title{font-family:var( --e-global-typography-secondary-font-family ), Sans-serif;font-size:var( --e-global-typography-secondary-font-size );font-weight:var( --e-global-typography-secondary-font-weight );font-style:var( --e-global-typography-secondary-font-style );}.elementor-1381 .elementor-element.elementor-element-b38c2d1{padding:0px 0px 50px 0px;}:root{--page-title-display:none;}@media(max-width:1024px){.elementor-1381 .elementor-element.elementor-element-b38c2d1 .elementor-heading-title{font-size:var( --e-global-typography-secondary-font-size );}}@media(max-width:767px){.elementor-1381 .elementor-element.elementor-element-b38c2d1 .elementor-heading-title{font-size:var( --e-global-typography-secondary-font-size );}}<\/style>\t\t<div data-elementor-type=\"wp-page\" data-elementor-id=\"1381\" class=\"elementor elementor-1381\" data-elementor-post-type=\"page\">\n\t\t\t\t<div class=\"elementor-element elementor-element-422c9f9 e-flex e-con-boxed e-con e-parent\" data-id=\"422c9f9\" data-element_type=\"container\" data-e-type=\"container\">\n\t\t\t\t\t<div class=\"e-con-inner\">\n\t\t\t\t<div class=\"elementor-element elementor-element-41fea7e elementor-widget elementor-widget-text-editor\" data-id=\"41fea7e\" data-element_type=\"widget\" data-e-type=\"widget\" data-widget_type=\"text-editor.default\">\n\t\t\t\t\t\t\t\t\t<p><b>\u00c1LTAL\u00c1NOS SZERZ\u0150D\u00c9SI FELT\u00c9TELEK (\u00c1SZF)<\/b><br \/><b>Budapest Podcast St\u00fadi\u00f3<\/b><b><\/b><\/p><p><b>Utols\u00f3 friss\u00edt\u00e9s:<\/b> 2025.06.26.<\/p><p><b>1. Bevezet\u0151 rendelkez\u00e9sek<\/b><\/p><p>1.1. A jelen \u00c1ltal\u00e1nos Szerz\u0151d\u00e9si Felt\u00e9telek (a tov\u00e1bbiakban: \u00c1SZF) a Budapest Podcast St\u00fadi\u00f3 amely a Takar\u00e9k Trading Vagyonkezel\u0151 kft. tulajdona (a tov\u00e1bbiakban: \u201eSt\u00fadi\u00f3\u201d) haszn\u00e1lat\u00e1ra vonatkoz\u00f3 szab\u00e1lyokat \u00e9s felt\u00e9teleket tartalmazza.<br \/>1.2. A St\u00fadi\u00f3 haszn\u00e1lat\u00e1val a felhaszn\u00e1l\u00f3 (a tov\u00e1bbiakban: \u201e\u00dcgyf\u00e9l\u201d) elfogadja \u00e9s k\u00f6telezetts\u00e9get v\u00e1llal az \u00c1SZF-ben foglaltak betart\u00e1s\u00e1ra.<br \/>1.3. Az \u00c1SZF a St\u00fadi\u00f3 weboldal\u00e1n el\u00e9rhet\u0151, \u00e9s b\u00e1rmikor m\u00f3dos\u00edthat\u00f3. A m\u00f3dos\u00edt\u00e1sok hat\u00e1lyba l\u00e9p\u00e9s\u00e9r\u0151l az \u00dcgyfeleket a weboldalon kereszt\u00fcl \u00e9rtes\u00edtj\u00fck.<\/p><p><b>2. A St\u00fadi\u00f3 haszn\u00e1lata<\/b><\/p><p>2.1. A St\u00fadi\u00f3 kiz\u00e1r\u00f3lag el\u0151zetes foglal\u00e1s \u00e9s a jelen \u00c1SZF-ben meghat\u00e1rozott felt\u00e9telek szerint haszn\u00e1lhat\u00f3.<br \/>2.2. A St\u00fadi\u00f3 haszn\u00e1lata sor\u00e1n az \u00dcgyf\u00e9l k\u00f6teles betartani a biztons\u00e1gi \u00e9s m\u0171k\u00f6d\u00e9si el\u0151\u00edr\u00e1sokat, valamint gondoskodni a berendez\u00e9sek megfelel\u0151 kezel\u00e9s\u00e9r\u0151l.<br \/>2.3.\u00a0<b>Ittas vagy illumin\u00e1lt \u00e1llapotban a St\u00fadi\u00f3 haszn\u00e1lata tilos.<\/b>\u00a0Az ilyen \u00e1llapotban l\u00e9v\u0151 \u00dcgyfeleknek a St\u00fadi\u00f3 haszn\u00e1lat\u00e1t megtagadjuk, \u00e9s a foglal\u00e1si d\u00edj nem t\u00e9r\u00edtend\u0151 vissza.<br \/>2.4.\u00a0<b>V\u00e1lt\u00f3cip\u0151 haszn\u00e1lata k\u00f6telez\u0151.<\/b>\u00a0Ha a sz\u0151nyeg tiszt\u00edt\u00e1sra szorul a felv\u00e9tel ut\u00e1n, takar\u00edt\u00e1si d\u00edjat sz\u00e1molunk fel.<br \/>2.5. A st\u00fadi\u00f3ban tilos illeg\u00e1lis vagy a berendez\u00e9sre k\u00e1ros tev\u00e9kenys\u00e9get folytatni.<br \/>2.6.\u00a0<b>H\u00e1zi\u00e1llatok behozatala tilos.<\/b><b><\/b><\/p><p><b>3. B\u00e9rleti id\u0151 \u00e9s k\u00e9s\u00e9sek<\/b><\/p><p>3.1. Egy foglal\u00e1s\u00a0<b>90 percb\u0151l \u00e1ll<\/b>, amely\u00a0<b>30 perc felk\u00e9sz\u00fcl\u00e9s egy st\u00fadi\u00f3 manager-rel<\/b>\u00a0\u00e9s\u00a0<b>60 perc felv\u00e9tel<\/b>\u00a0id\u0151tartamot foglal mag\u00e1ban.<br \/>3.2. K\u00e9s\u00e9s eset\u00e9n a felv\u00e9teli id\u0151 cs\u00f6kken. Ha tov\u00e1bbi id\u0151re van sz\u00fcks\u00e9g, \u00e9s nincs k\u00f6vetkez\u0151 foglal\u00e1s, az \u00fajabb teljes blokkos foglal\u00e1ssal b\u0151v\u00edthet\u0151.<br \/>3.3. A vend\u00e9geket is a foglalt id\u0151re kell megh\u00edvni, mivel a 30 perces be\u00e1ll\u00edt\u00e1si id\u0151ben r\u00e9szv\u00e9tel\u00fck sz\u00fcks\u00e9ges.<br \/>3.4. A b\u00e9rleti id\u0151 lej\u00e1rta ut\u00e1n az \u00dcgyfeleknek\u00a0<b>maximum 10 percen bel\u00fcl<\/b>\u00a0el kell hagyniuk a St\u00fadi\u00f3t.<\/p><p><b>4. Hibabejelent\u00e9s \u00e9s garanci\u00e1lis felt\u00e9telek<\/b><\/p><p>4.1.\u00a0<b>Hibabejelent\u00e9s:<\/b><b><\/b><\/p><ul><li>A hib\u00e1kat kiz\u00e1r\u00f3lag a felv\u00e9tel elk\u00e9sz\u00fclte ut\u00e1n, a f\u00e1jlok let\u00f6lt\u00e9s\u00e9t k\u00f6vet\u0151en lehet jelezni.<\/li><li>A hibabejelent\u00e9st el kell k\u00fcldeni az info@bppodcaststudio.hu e-mail c\u00edmre.<span class=\"Apple-converted-space\">\u00a0<\/span><\/li><li>A hibabejelent\u00e9snek tartalmaznia kell a felv\u00e9tel d\u00e1tum\u00e1t, a hib\u00e1k r\u00e9szletes le\u00edr\u00e1s\u00e1t, valamint a hib\u00e1s f\u00e1jlokat.<\/li><\/ul><p>4.2.\u00a0<b>Garanci\u00e1lis hib\u00e1k:<\/b><\/p><ul><li>A garanci\u00e1lis hib\u00e1k eset\u00e9n a St\u00fadi\u00f3 k\u00f6teles a hib\u00e1t a lehet\u0151 leghamarabb kijav\u00edtani, vagy a felv\u00e9tel \u00fajrak\u00e9sz\u00edt\u00e9s\u00e9t lehet\u0151v\u00e9 tenni.<\/li><li><p>A fogyaszt\u00f3nak min\u0151s\u00fcl\u0151 \u00dcgyf\u00e9l a hib\u00e1t annak felismer\u00e9s\u00e9t k\u00f6vet\u0151en k\u00f6teles \u00e9sszer\u0171 hat\u00e1rid\u0151n bel\u00fcl bejelenteni a Szolg\u00e1ltat\u00f3nak e-mailben vagy \u00edr\u00e1sban.<\/p><p><b> Amennyiben a hiba kijav\u00edt\u00e1sa a felv\u00e9tel megism\u00e9tl\u00e9s\u00e9vel orvosolhat\u00f3 csak, \u00fagy ezt biztos\u00edtjuk tov\u00e1bbi k\u00f6lts\u00e9g n\u00e9lk\u00fcl, ugyanakkor a megism\u00e9tl\u00e9sb\u0151l vagy annak elmarad\u00e1s\u00e1b\u00f3l ered\u0151 k\u00f6vetkezm\u00e9nyi k\u00e1rok\u00e9rt felel\u0151ss\u00e9get nem v\u00e1llalunk. Amennyiben teh\u00e1t a Megrendel\u0151 ok\u00e1n a felv\u00e9tel nem megism\u00e9telhet\u0151, akkor a megfizetett d\u00edjat visszafizetj\u00fck.<\/b><\/p><\/li><\/ul><p>4.3.\u00a0<b>Nem garanci\u00e1lis hib\u00e1k:<\/b><b><\/b><\/p><ul><li>Nem min\u0151s\u00fclnek garanci\u00e1lis hib\u00e1nak azok a hib\u00e1k, amelyek az \u00dcgyf\u00e9l hib\u00e1j\u00e1b\u00f3l (pl. rossz mikrofonhaszn\u00e1lat, helytelen be\u00e1ll\u00edt\u00e1sok, nagym\u00e9rt\u00e9k\u0171 poz\u00edci\u00f3 v\u00e1lt\u00e1s a kamera el\u0151tt, arc takar\u00e1sa k\u00e9zzel vagy egy\u00e9b t\u00e1rgyal emiatti f\u00f3kusz veszt\u00e9s) vagy k\u00fcls\u0151 k\u00f6r\u00fclm\u00e9nyekb\u0151l (pl. \u00e1ramkimarad\u00e1s, k\u00fclt\u00e9ri zaj, internetkapcsolat hi\u00e1nya stb.) ad\u00f3dnak.<\/li><li>A B\u00e9rbead\u00f3 nem v\u00e1llal felel\u0151ss\u00e9get a felv\u00e9tel k\u00f6zben el\u0151fordul\u00f3 technikai \u00e9s elektronikai hib\u00e1k\u00e9rt, kiv\u00e9ve, ha a fel\u00e1ras \u201est\u00fadi\u00f3 manager a felv\u00e9tel teljes ideje alatt\u201d szolg\u00e1ltat\u00e1s v\u00e1lasztva lett.<\/li><li><p>&#8211; az \u00dcgyf\u00e9l \u00e1ltal hozott saj\u00e1t technikai eszk\u00f6z (pl. saj\u00e1t mikrofon, kamera, laptop) meghib\u00e1sod\u00e1s\u00e1b\u00f3l ered\u0151 hib\u00e1k\u00e9rt,<\/p><p>&#8211; a felv\u00e9tel tartalmi hib\u00e1i\u00e9rt (pl. elrontott sz\u00f6veg, szerepl\u0151i bizonytalans\u00e1g, dramaturgiai probl\u00e9ma),<\/p><p>&#8211; harmadik f\u00e9l \u00e1ltal ny\u00fajtott szolg\u00e1ltat\u00e1sok meghib\u00e1sod\u00e1s\u00e1\u00e9rt (pl. streaming platform hib\u00e1ja, internetkapcsolat szolg\u00e1ltat\u00f3i oldalon t\u00f6rt\u00e9n\u0151 megszakad\u00e1sa),<\/p><p>&#8211; az \u00dcgyf\u00e9l k\u00e9sedelmes \u00e9rkez\u00e9s\u00e9b\u0151l ad\u00f3d\u00f3 id\u0151vesztes\u00e9g\u00e9rt vagy min\u0151s\u00e9groml\u00e1s\u00e9rt.<\/p><\/li><\/ul><p><b>5. F\u00e1jlok kik\u00fcld\u00e9se, t\u00e1rol\u00e1sa \u00e9s let\u00f6lt\u00e9se<\/b><\/p><p>5.1. A felv\u00e9telek elk\u00e9sz\u00fclte ut\u00e1n a rendszer\u00fcnk automatikusan \u00e9rtes\u00edti az \u00dcgyfelet a f\u00e1jlok let\u00f6lt\u00e9s\u00e9nek lehet\u0151s\u00e9g\u00e9r\u0151l.<br \/>5.2. A Szolg\u00e1ltat\u00f3 a r\u00f6gz\u00edtett nyers anyagot \u00e1ltal\u00e1nos esetben <strong>72 \u00f3r\u00e1n bel\u00fcl adja \u00e1t digit\u00e1lis form\u00e1ban<\/strong> (let\u00f6lt\u00e9si link, f\u00e1jlmegoszt\u00f3 vagy egy\u00e9b m\u00f3don).<\/p><p>A v\u00e1gott, ut\u00f3munk\u00e1val ell\u00e1tott anyag \u00e1tad\u00e1si ideje a v\u00e1lasztott csomagt\u00f3l f\u00fcgg\u0151en \u00e1ltal\u00e1ban<strong> 5\u201310 munkanap, amely t\u00e1j\u00e9koztat\u00f3 jelleg\u0171 hat\u00e1rid\u0151<\/strong>, \u00e9s indokolt esetben m\u00f3dosulhat.<\/p><p>5.2.1. Minden tov\u00e1bbi az &#8222;\u00dcgyf\u00e9l&#8221; \u00e1ltal k\u00e9rt m\u00f3dos\u00edt\u00e1st a &#8222;St\u00fadi\u00f3&#8221; <strong>5\u00a0munkanapon<\/strong> bel\u00fcl jav\u00edtja \u00e9s k\u00fcldi ki. <strong>Extra fel\u00e1ras szolg\u00e1ltat\u00e1sok<\/strong> eset\u00e9n ez az id\u0151pont a fizet\u00e9s ut\u00e1n <strong>5\u00a0munkanappal hosszabbodik.\u00a0<\/strong><\/p><p>5.2.2. A &#8222;St\u00fadi\u00f3&#8221; \u00e1ltal kik\u00fcld\u00f6tt v\u00e1gott verzi\u00f3kra az \u00fcgyf\u00e9lnek <strong>14\u00a0munkanapja<\/strong> van v\u00e1laszolni. A 7. munkanap ut\u00e1n a v\u00e1gott verzi\u00f3t a &#8222;St\u00fadi\u00f3&#8221; elv\u00e9gzettnek tekinti \u00e9s tov\u00e1bbi m\u00f3dos\u00edt\u00e1sra nincs lehet\u0151s\u00e9g.<\/p><p>5.3. A nyers f\u00e1jlokat 30 napig t\u00e1roljuk a felv\u00e9tel napj\u00e1t\u00f3l sz\u00e1m\u00edtva ezut\u00e1n megsemmis\u00edt\u00e9sre, t\u00f6rl\u00e9sre ker\u00fclnek a f\u00e1jlok.<\/p><p><b>6. Fizet\u00e9si felt\u00e9telek<\/b><\/p><p>6.1. A b\u00e9rleti d\u00edj a sz\u00e1ml\u00e1n meghat\u00e1rozott \u00f6sszeg, amely nem tartalmazza az extra k\u00f6lts\u00e9geket (pl. extra felszerel\u00e9s, k\u00e9s\u00e9si d\u00edjak, st\u00fadi\u00f3 manager szolg\u00e1ltat\u00e1s stb.).<br \/>6.2. A fizet\u00e9si m\u00f3d \u00e9s hat\u00e1rid\u0151 a sz\u00e1ml\u00e1n szerepl\u0151 felt\u00e9telek szerint t\u00f6rt\u00e9nik.<br \/>6.3. A felvett v\u00e1gott \u00e9s v\u00e1gatlan anyagokat csak a fizet\u00e9s ut\u00e1n \u00e1ll m\u00f3dunkban elk\u00fcldeni.<\/p><p><b>7. Lemond\u00e1s \u00e9s visszat\u00e9r\u00edt\u00e9s<\/b><\/p><p>7.1. Az \u00dcgyf\u00e9l lemondhatja a foglal\u00e1st, de a k\u00f6vetkez\u0151 felt\u00e9telek alapj\u00e1n:<\/p><ul><li><b>48 \u00f3r\u00e1val a b\u00e9rl\u00e9s kezdete el\u0151tti lemond\u00e1s eset\u00e9n 50% visszat\u00e9r\u00edt\u00e9s.<\/b><b><\/b><\/li><li><b>24 \u00f3r\u00e1val a b\u00e9rl\u00e9s kezdete el\u0151tt t\u00f6rt\u00e9n\u0151 lemond\u00e1s eset\u00e9n nincs visszat\u00e9r\u00edt\u00e9s.<\/b><b><\/b><\/li><\/ul><p>&#8211; Egyszeri id\u0151pontm\u00f3dos\u00edt\u00e1s \u2013 a Szolg\u00e1ltat\u00f3val egyeztetve \u2013 d\u00edjmentesen biztos\u00edthat\u00f3, a szabad kapacit\u00e1s f\u00fcggv\u00e9ny\u00e9ben.<\/p><p>7.2. A B\u00e9rbead\u00f3 fenntartja a jogot, hogy a b\u00e9rl\u00e9si id\u0151t m\u00f3dos\u00edtsa vagy lemondja, ha a st\u00fadi\u00f3 haszn\u00e1lhatatlann\u00e1 v\u00e1lik (pl. m\u0171szaki hiba, term\u00e9szeti katasztr\u00f3fa). Ilyen esetben az \u00dcgyf\u00e9l teljes visszat\u00e9r\u00edt\u00e9sben r\u00e9szes\u00fcl.<\/p><p><b>8. Felel\u0151ss\u00e9g \u00e9s k\u00e1rok<\/b><\/p><p>8.1. Az \u00dcgyf\u00e9l felel\u0151s a St\u00fadi\u00f3 \u00e9s a berendez\u00e9sek rendeltet\u00e9sszer\u0171 haszn\u00e1lat\u00e1\u00e9rt.<br \/>8.2. A St\u00fadi\u00f3 vagy a berendez\u00e9sek megs\u00e9r\u00fcl\u00e9se, elt\u0171n\u00e9se eset\u00e9n az \u00dcgyf\u00e9l k\u00f6teles a k\u00e1rt megt\u00e9r\u00edteni.<br \/>8.3. A St\u00fadi\u00f3 nem v\u00e1llal felel\u0151ss\u00e9get az \u00dcgyf\u00e9l vagy harmadik f\u00e9l \u00e1ltal okozott balesetek\u00e9rt vagy s\u00e9r\u00fcl\u00e9sek\u00e9rt.<br \/>8.4. A B\u00e9rbead\u00f3 nem v\u00e1llal felel\u0151ss\u00e9get az esetlegesen besz\u0171r\u0151d\u0151 zajok\u00e9rt.<\/p><p>8.5 A B\u00e9rbead\u00f3 a st\u00fadi\u00f3ban k\u00e9sz\u00edtett felv\u00e9telek tartalm\u00e1\u00e9rt felel\u0151ss\u00e9get nem v\u00e1llal. Ezek miatt, illetve egy\u00e9b probl\u00e9m\u00e1k (k\u00e9sedelem, nem garanci\u00e1lis hiba, h\u00edrn\u00e9v veszt\u00e9s stb.) s\u00e9relemd\u00edj, k\u00e1rt\u00e9r\u00edt\u00e9si ig\u00e9nyt ut\u00f3lag nem \u00e1ll m\u00f3dunkban elfogadni.<\/p><p><b>9. Adatv\u00e9delem<\/b><\/p><p>9.1. A St\u00fadi\u00f3 az \u00dcgyfelek szem\u00e9lyes adatait kiz\u00e1r\u00f3lag a szolg\u00e1ltat\u00e1s ny\u00fajt\u00e1sa \u00e9s a hibabejelent\u00e9sek kezel\u00e9se c\u00e9lj\u00e1b\u00f3l kezeli.<br \/>9.2. Az adatkezel\u00e9s r\u00e9szletes le\u00edr\u00e1sa a St\u00fadi\u00f3 weboldal\u00e1n el\u00e9rhet\u0151 Adatv\u00e9delmi T\u00e1j\u00e9koztat\u00f3ban tal\u00e1lhat\u00f3.<\/p><p><b>10. Egy\u00e9b rendelkez\u00e9sek<\/b><\/p><p>10.1. A felek k\u00f6telesek minden vit\u00e1t el\u0151sz\u00f6r t\u00e1rgyal\u00e1sok \u00fatj\u00e1n rendezni.<br \/>10.2. Az \u00c1SZF-ben nem szab\u00e1lyozott k\u00e9rd\u00e9sekre a magyar jogszab\u00e1lyok az ir\u00e1nyad\u00f3ak.<\/p><p><b>A St\u00fadi\u00f3 weboldal\u00e1nak haszn\u00e1lat\u00e1val az \u00dcgyf\u00e9l elfogadja az \u00c1SZF-ben foglaltakat.<\/b><b><\/b><\/p><p><b>Budapest Podcast St\u00fadi\u00f3<\/b><br \/><a href=\"mailto:info@bppodcaststudio.hu\">info@bppodcaststudio.hu<\/a><\/p><p><a href=\"tel:+36307690343\">+36 30 769 0343<\/a><\/p><p>1054 Budapest Szemere Street 17.<\/p><p>Adatv\u00e9delmi T\u00e1j\u00e9koztat\u00f3 linkje:<\/p><p><blockquote class=\"wp-embedded-content\" data-secret=\"1W0Ir3dUr9\"><a href=\"https:\/\/bppodcaststudio.hu\/uk\/%d0%b3%d1%80%d0%b0%d0%bd%d1%82-%d0%bd%d0%b0-%d0%b7%d0%b0%d1%85%d0%b8%d1%81%d1%82-%d0%b4%d0%b0%d0%bd%d0%b8%d1%85\/\">\u041f\u043e\u0432\u0456\u0434\u043e\u043c\u043b\u0435\u043d\u043d\u044f \u043f\u0440\u043e \u043a\u043e\u043d\u0444\u0456\u0434\u0435\u043d\u0446\u0456\u0439\u043d\u0456\u0441\u0442\u044c<\/a><\/blockquote><iframe class=\"wp-embedded-content\" sandbox=\"allow-scripts\" security=\"restricted\" style=\"position: absolute; visibility: hidden;\" title=\"&#8220;Adatv\u00e9delmi t\u00e1j\u00e9koztat\u00f3&#8221; &#8212; Budapest Podcast St\u00fadi\u00f3\" src=\"https:\/\/bppodcaststudio.hu\/adatvedelmi-tajekoztato\/embed\/#?secret=otddubz4Cz#?secret=1W0Ir3dUr9\" data-secret=\"1W0Ir3dUr9\" width=\"600\" height=\"338\" frameborder=\"0\" marginwidth=\"0\" marginheight=\"0\" scrolling=\"no\"><\/iframe><\/p>\t\t\t\t\t\t\t\t<\/div>\n\t\t\t\t\t<\/div>\n\t\t\t\t<\/div>\n\t\t\t\t<\/div>","protected":false},"excerpt":{"rendered":"<p>\u00c1LTAL\u00c1NOS SZERZ\u0150D\u00c9SI FELT\u00c9TELEK (\u00c1SZF)Budapest Podcast St\u00fadi\u00f3 Utols\u00f3 friss\u00edt\u00e9s: 2025.06.26. 1. Bevezet\u0151 rendelkez\u00e9sek 1.1. A jelen \u00c1ltal\u00e1nos Szerz\u0151d\u00e9si Felt\u00e9telek (a tov\u00e1bbiakban: \u00c1SZF) a Budapest Podcast St\u00fadi\u00f3 amely a Takar\u00e9k Trading Vagyonkezel\u0151 kft. tulajdona (a tov\u00e1bbiakban: \u201eSt\u00fadi\u00f3\u201d) haszn\u00e1lat\u00e1ra vonatkoz\u00f3 szab\u00e1lyokat \u00e9s felt\u00e9teleket tartalmazza.1.2. A St\u00fadi\u00f3 haszn\u00e1lat\u00e1val a felhaszn\u00e1l\u00f3 (a tov\u00e1bbiakban: \u201e\u00dcgyf\u00e9l\u201d) elfogadja \u00e9s k\u00f6telezetts\u00e9get v\u00e1llal az \u00c1SZF-ben [&hellip;]<\/p>\n","protected":false},"author":1,"featured_media":0,"parent":0,"menu_order":0,"comment_status":"closed","ping_status":"closed","template":"","meta":{"footnotes":""},"class_list":["post-1381","page","type-page","status-publish","hentry"],"_links":{"self":[{"href":"https:\/\/bppodcaststudio.hu\/uk\/wp-json\/wp\/v2\/pages\/1381","targetHints":{"allow":["GET"]}}],"collection":[{"href":"https:\/\/bppodcaststudio.hu\/uk\/wp-json\/wp\/v2\/pages"}],"about":[{"href":"https:\/\/bppodcaststudio.hu\/uk\/wp-json\/wp\/v2\/types\/page"}],"author":[{"embeddable":true,"href":"https:\/\/bppodcaststudio.hu\/uk\/wp-json\/wp\/v2\/users\/1"}],"replies":[{"embeddable":true,"href":"https:\/\/bppodcaststudio.hu\/uk\/wp-json\/wp\/v2\/comments?post=1381"}],"version-history":[{"count":15,"href":"https:\/\/bppodcaststudio.hu\/uk\/wp-json\/wp\/v2\/pages\/1381\/revisions"}],"predecessor-version":[{"id":1937,"href":"https:\/\/bppodcaststudio.hu\/uk\/wp-json\/wp\/v2\/pages\/1381\/revisions\/1937"}],"wp:attachment":[{"href":"https:\/\/bppodcaststudio.hu\/uk\/wp-json\/wp\/v2\/media?parent=1381"}],"curies":[{"name":"wp","href":"https:\/\/api.w.org\/{rel}","templated":true}]}}